{"id":369,"date":"2020-05-29T12:48:22","date_gmt":"2020-05-29T12:48:22","guid":{"rendered":"http:\/\/group.lc.webdevprojects.cloud\/newsletter-register\/"},"modified":"2020-06-09T17:24:45","modified_gmt":"2020-06-09T17:24:45","slug":"newsletter-register","status":"publish","type":"page","link":"https:\/\/stephex.com\/fr\/newsletter-register\/","title":{"rendered":"Merci !"},"content":{"rendered":"\n<p>Vous \u00eates d\u00e9sormais inscrit \u00e0 notre newsletter.<\/p>\n","protected":false},"excerpt":{"rendered":"<p>Vous \u00eates d\u00e9sormais inscrit \u00e0 notre newsletter.<\/p>\n","protected":false},"author":30,"featured_media":0,"parent":0,"menu_order":0,"comment_status":"closed","ping_status":"closed","template":"template_newsletter.php","meta":{"_acf_changed":false,"footnotes":""},"class_list":["post-369","page","type-page","status-publish","hentry"],"acf":[],"yoast_head":"<!-- This site is optimized with the Yoast SEO plugin v27.3 - https:\/\/yoast.com\/product\/yoast-seo-wordpress\/ -->\n<title>Merci ! - Stephex Group<\/title>\n<meta name=\"robots\" content=\"index, follow, max-snippet:-1, max-image-preview:large, max-video-preview:-1\" \/>\n<link rel=\"canonical\" href=\"https:\/\/stephex.com\/newsletter-register\/\" \/>\n<meta property=\"og:locale\" content=\"fr_FR\" \/>\n<meta property=\"og:type\" content=\"article\" \/>\n<meta property=\"og:title\" content=\"Merci ! - Stephex Group\" \/>\n<meta property=\"og:description\" content=\"Vous \u00eates d\u00e9sormais inscrit \u00e0 notre newsletter.\" \/>\n<meta property=\"og:url\" content=\"https:\/\/stephex.com\/newsletter-register\/\" \/>\n<meta property=\"og:site_name\" content=\"Stephex Group\" \/>\n<meta property=\"article:modified_time\" content=\"2020-06-09T17:24:45+00:00\" \/>\n<meta name=\"twitter:card\" content=\"summary_large_image\" \/>\n<script type=\"application\/ld+json\" class=\"yoast-schema-graph\">{\"@context\":\"https:\\\/\\\/schema.org\",\"@graph\":[{\"@type\":\"WebPage\",\"@id\":\"https:\\\/\\\/stephex.com\\\/newsletter-register\\\/\",\"url\":\"https:\\\/\\\/stephex.com\\\/newsletter-register\\\/\",\"name\":\"Merci ! - Stephex Group\",\"isPartOf\":{\"@id\":\"https:\\\/\\\/stephex.com\\\/#website\"},\"datePublished\":\"2020-05-29T12:48:22+00:00\",\"dateModified\":\"2020-06-09T17:24:45+00:00\",\"breadcrumb\":{\"@id\":\"https:\\\/\\\/stephex.com\\\/newsletter-register\\\/#breadcrumb\"},\"inLanguage\":\"fr-FR\",\"potentialAction\":[{\"@type\":\"ReadAction\",\"target\":[\"https:\\\/\\\/stephex.com\\\/newsletter-register\\\/\"]}]},{\"@type\":\"BreadcrumbList\",\"@id\":\"https:\\\/\\\/stephex.com\\\/newsletter-register\\\/#breadcrumb\",\"itemListElement\":[{\"@type\":\"ListItem\",\"position\":1,\"name\":\"Home\",\"item\":\"https:\\\/\\\/stephex.com\\\/fr\\\/\"},{\"@type\":\"ListItem\",\"position\":2,\"name\":\"Merci !\"}]},{\"@type\":\"WebSite\",\"@id\":\"https:\\\/\\\/stephex.com\\\/#website\",\"url\":\"https:\\\/\\\/stephex.com\\\/\",\"name\":\"Stephex Group\",\"description\":\"If you can Dream it, you can Do it!\",\"publisher\":{\"@id\":\"https:\\\/\\\/stephex.com\\\/#organization\"},\"potentialAction\":[{\"@type\":\"SearchAction\",\"target\":{\"@type\":\"EntryPoint\",\"urlTemplate\":\"https:\\\/\\\/stephex.com\\\/?s={search_term_string}\"},\"query-input\":{\"@type\":\"PropertyValueSpecification\",\"valueRequired\":true,\"valueName\":\"search_term_string\"}}],\"inLanguage\":\"fr-FR\"},{\"@type\":\"Organization\",\"@id\":\"https:\\\/\\\/stephex.com\\\/#organization\",\"name\":\"STEPHEX GROUP\",\"url\":\"https:\\\/\\\/stephex.com\\\/\",\"logo\":{\"@type\":\"ImageObject\",\"inLanguage\":\"fr-FR\",\"@id\":\"https:\\\/\\\/stephex.com\\\/#\\\/schema\\\/logo\\\/image\\\/\",\"url\":\"http:\\\/\\\/group.lc.webdevprojects.cloud\\\/wp-content\\\/uploads\\\/2020\\\/09\\\/logo-bw-small.jpg\",\"contentUrl\":\"http:\\\/\\\/group.lc.webdevprojects.cloud\\\/wp-content\\\/uploads\\\/2020\\\/09\\\/logo-bw-small.jpg\",\"width\":147,\"height\":85,\"caption\":\"STEPHEX GROUP\"},\"image\":{\"@id\":\"https:\\\/\\\/stephex.com\\\/#\\\/schema\\\/logo\\\/image\\\/\"},\"sameAs\":[\"https:\\\/\\\/www.linkedin.com\\\/company\\\/stephexgroup\\\/\",\"https:\\\/\\\/www.youtube.com\\\/channel\\\/UCfLhUCjJh06SIkUoUoeagVQ\"]}]}<\/script>\n<!-- \/ Yoast SEO plugin. -->","yoast_head_json":{"title":"Merci ! - Stephex Group","robots":{"index":"index","follow":"follow","max-snippet":"max-snippet:-1","max-image-preview":"max-image-preview:large","max-video-preview":"max-video-preview:-1"},"canonical":"https:\/\/stephex.com\/newsletter-register\/","og_locale":"fr_FR","og_type":"article","og_title":"Merci ! - Stephex Group","og_description":"Vous \u00eates d\u00e9sormais inscrit \u00e0 notre newsletter.","og_url":"https:\/\/stephex.com\/newsletter-register\/","og_site_name":"Stephex Group","article_modified_time":"2020-06-09T17:24:45+00:00","twitter_card":"summary_large_image","schema":{"@context":"https:\/\/schema.org","@graph":[{"@type":"WebPage","@id":"https:\/\/stephex.com\/newsletter-register\/","url":"https:\/\/stephex.com\/newsletter-register\/","name":"Merci ! - Stephex Group","isPartOf":{"@id":"https:\/\/stephex.com\/#website"},"datePublished":"2020-05-29T12:48:22+00:00","dateModified":"2020-06-09T17:24:45+00:00","breadcrumb":{"@id":"https:\/\/stephex.com\/newsletter-register\/#breadcrumb"},"inLanguage":"fr-FR","potentialAction":[{"@type":"ReadAction","target":["https:\/\/stephex.com\/newsletter-register\/"]}]},{"@type":"BreadcrumbList","@id":"https:\/\/stephex.com\/newsletter-register\/#breadcrumb","itemListElement":[{"@type":"ListItem","position":1,"name":"Home","item":"https:\/\/stephex.com\/fr\/"},{"@type":"ListItem","position":2,"name":"Merci !"}]},{"@type":"WebSite","@id":"https:\/\/stephex.com\/#website","url":"https:\/\/stephex.com\/","name":"Stephex Group","description":"If you can Dream it, you can Do it!","publisher":{"@id":"https:\/\/stephex.com\/#organization"},"potentialAction":[{"@type":"SearchAction","target":{"@type":"EntryPoint","urlTemplate":"https:\/\/stephex.com\/?s={search_term_string}"},"query-input":{"@type":"PropertyValueSpecification","valueRequired":true,"valueName":"search_term_string"}}],"inLanguage":"fr-FR"},{"@type":"Organization","@id":"https:\/\/stephex.com\/#organization","name":"STEPHEX GROUP","url":"https:\/\/stephex.com\/","logo":{"@type":"ImageObject","inLanguage":"fr-FR","@id":"https:\/\/stephex.com\/#\/schema\/logo\/image\/","url":"http:\/\/group.lc.webdevprojects.cloud\/wp-content\/uploads\/2020\/09\/logo-bw-small.jpg","contentUrl":"http:\/\/group.lc.webdevprojects.cloud\/wp-content\/uploads\/2020\/09\/logo-bw-small.jpg","width":147,"height":85,"caption":"STEPHEX GROUP"},"image":{"@id":"https:\/\/stephex.com\/#\/schema\/logo\/image\/"},"sameAs":["https:\/\/www.linkedin.com\/company\/stephexgroup\/","https:\/\/www.youtube.com\/channel\/UCfLhUCjJh06SIkUoUoeagVQ"]}]}},"_links":{"self":[{"href":"https:\/\/stephex.com\/fr\/wp-json\/wp\/v2\/pages\/369","targetHints":{"allow":["GET"]}}],"collection":[{"href":"https:\/\/stephex.com\/fr\/wp-json\/wp\/v2\/pages"}],"about":[{"href":"https:\/\/stephex.com\/fr\/wp-json\/wp\/v2\/types\/page"}],"author":[{"embeddable":true,"href":"https:\/\/stephex.com\/fr\/wp-json\/wp\/v2\/users\/30"}],"replies":[{"embeddable":true,"href":"https:\/\/stephex.com\/fr\/wp-json\/wp\/v2\/comments?post=369"}],"version-history":[{"count":2,"href":"https:\/\/stephex.com\/fr\/wp-json\/wp\/v2\/pages\/369\/revisions"}],"predecessor-version":[{"id":391,"href":"https:\/\/stephex.com\/fr\/wp-json\/wp\/v2\/pages\/369\/revisions\/391"}],"wp:attachment":[{"href":"https:\/\/stephex.com\/fr\/wp-json\/wp\/v2\/media?parent=369"}],"curies":[{"name":"wp","href":"https:\/\/api.w.org\/{rel}","templated":true}]}}